{"id":1352,"date":"2024-09-18T22:39:37","date_gmt":"2024-09-19T03:39:37","guid":{"rendered":"https:\/\/iphonesmiami.co\/?page_id=1352"},"modified":"2024-10-23T21:51:26","modified_gmt":"2024-10-24T02:51:26","slug":"home-2","status":"publish","type":"page","link":"https:\/\/iphonesmiami.co\/en\/home-2\/","title":{"rendered":"Home"},"content":{"rendered":"\t\t<div data-elementor-type=\"wp-page\" data-elementor-id=\"1352\" class=\"elementor elementor-1352\" data-elementor-post-type=\"page\">\n\t\t\t\t<div class=\"elementor-element elementor-element-a5617c9 e-flex e-con-boxed e-con e-parent\" data-id=\"a5617c9\" data-element_type=\"container\">\n\t\t\t\t\t<div class=\"e-con-inner\">\n\t\t<div class=\"elementor-element elementor-element-04cf58a e-flex e-con-boxed elementor-invisible e-con e-child\" data-id=\"04cf58a\" data-element_type=\"container\" data-settings=\"{&quot;background_background&quot;:&quot;classic&quot;,&quot;animation&quot;:&quot;fadeInDown&quot;}\">\n\t\t\t\t\t<div class=\"e-con-inner\">\n\t\t<div class=\"elementor-element elementor-element-356a14d e-con-full e-flex e-con e-child\" data-id=\"356a14d\" data-element_type=\"container\" data-settings=\"{&quot;animation&quot;:&quot;none&quot;}\">\n\t\t\t\t<div class=\"elementor-element elementor-element-3f14381 elementor-invisible elementor-widget elementor-widget-heading\" data-id=\"3f14381\" data-element_type=\"widget\" data-settings=\"{&quot;_animation&quot;:&quot;fadeIn&quot;,&quot;_animation_delay&quot;:1000}\" data-widget_type=\"heading.default\">\n\t\t\t\t<div class=\"elementor-widget-container\">\n\t\t\t\t\t<h4 class=\"elementor-heading-title elementor-size-default\">Somos una empresa de Miami para venta de productos de apple para Latinoamerica.<\/h4>\t\t\t\t<\/div>\n\t\t\t\t<\/div>\n\t\t\t\t<div class=\"elementor-element elementor-element-6be2aa0 elementor-invisible elementor-widget elementor-widget-heading\" data-id=\"6be2aa0\" data-element_type=\"widget\" data-settings=\"{&quot;_animation&quot;:&quot;fadeIn&quot;,&quot;_animation_delay&quot;:1000}\" data-widget_type=\"heading.default\">\n\t\t\t\t<div class=\"elementor-widget-container\">\n\t\t\t\t\t<h4 class=\"elementor-heading-title elementor-size-default\">Venta de iPhones 100% originales.<\/h4>\t\t\t\t<\/div>\n\t\t\t\t<\/div>\n\t\t\t\t<\/div>\n\t\t<div class=\"elementor-element elementor-element-ff8e6de e-con-full e-flex e-con e-child\" data-id=\"ff8e6de\" data-element_type=\"container\">\n\t\t\t\t<div class=\"elementor-element elementor-element-0209f18 elementor-widget__width-initial elementor-widget elementor-widget-image\" data-id=\"0209f18\" data-element_type=\"widget\" data-widget_type=\"image.default\">\n\t\t\t\t<div class=\"elementor-widget-container\">\n\t\t\t\t\t\t\t\t\t\t\t\t\t\t\t<img fetchpriority=\"high\" decoding=\"async\" width=\"800\" height=\"300\" src=\"https:\/\/iphonesmiami.co\/wp-content\/uploads\/2024\/09\/iphone-video-format-Photoroom.png-Photoroom.png\" class=\"attachment-full size-full wp-image-1354\" alt=\"\" srcset=\"https:\/\/iphonesmiami.co\/wp-content\/uploads\/2024\/09\/iphone-video-format-Photoroom.png-Photoroom.png 800w, https:\/\/iphonesmiami.co\/wp-content\/uploads\/2024\/09\/iphone-video-format-Photoroom.png-Photoroom-300x113.png 300w, https:\/\/iphonesmiami.co\/wp-content\/uploads\/2024\/09\/iphone-video-format-Photoroom.png-Photoroom-768x288.png 768w, https:\/\/iphonesmiami.co\/wp-content\/uploads\/2024\/09\/iphone-video-format-Photoroom.png-Photoroom-600x225.png 600w\" sizes=\"(max-width: 800px) 100vw, 800px\" \/>\t\t\t\t\t\t\t\t\t\t\t\t\t\t\t<\/div>\n\t\t\t\t<\/div>\n\t\t\t\t<\/div>\n\t\t\t\t\t<\/div>\n\t\t\t\t<\/div>\n\t\t\t\t\t<\/div>\n\t\t\t\t<\/div>\n\t\t<div class=\"elementor-element elementor-element-b4eed54 e-flex e-con-boxed e-con e-parent\" data-id=\"b4eed54\" data-element_type=\"container\">\n\t\t\t\t\t<div class=\"e-con-inner\">\n\t\t\t\t<div class=\"elementor-element elementor-element-1429eda elementor-invisible elementor-widget elementor-widget-heading\" data-id=\"1429eda\" data-element_type=\"widget\" data-settings=\"{&quot;_animation&quot;:&quot;fadeIn&quot;}\" data-widget_type=\"heading.default\">\n\t\t\t\t<div class=\"elementor-widget-container\">\n\t\t\t\t\t<h1 class=\"elementor-heading-title elementor-size-default\">Adquiere el nuevo iPhone 16 <\/h1>\t\t\t\t<\/div>\n\t\t\t\t<\/div>\n\t\t\t\t<div class=\"elementor-element elementor-element-25b8bd6 elementor-align-right elementor-invisible elementor-widget elementor-widget-button\" data-id=\"25b8bd6\" data-element_type=\"widget\" data-settings=\"{&quot;_animation&quot;:&quot;fadeIn&quot;}\" data-widget_type=\"button.default\">\n\t\t\t\t<div class=\"elementor-widget-container\">\n\t\t\t\t\t\t\t\t\t<div class=\"elementor-button-wrapper\">\n\t\t\t\t\t<a class=\"elementor-button elementor-button-link elementor-size-sm\" href=\"https:\/\/iphonesmiami.co\/iphone-16\">\n\t\t\t\t\t\t<span class=\"elementor-button-content-wrapper\">\n\t\t\t\t\t\t\t\t\t<span class=\"elementor-button-text\">Conoce mas<\/span>\n\t\t\t\t\t<\/span>\n\t\t\t\t\t<\/a>\n\t\t\t\t<\/div>\n\t\t\t\t\t\t\t\t<\/div>\n\t\t\t\t<\/div>\n\t\t<div class=\"elementor-element elementor-element-a486bba e-con-full e-flex e-con e-child\" data-id=\"a486bba\" data-element_type=\"container\">\n\t\t<div class=\"elementor-element elementor-element-91ca759 e-con-full e-flex e-con e-child\" data-id=\"91ca759\" data-element_type=\"container\">\n\t\t<div class=\"elementor-element elementor-element-8ccabdf e-con-full e-flex elementor-invisible e-con e-child\" data-id=\"8ccabdf\" data-element_type=\"container\" data-settings=\"{&quot;background_background&quot;:&quot;classic&quot;,&quot;animation&quot;:&quot;fadeInLeft&quot;}\">\n\t\t\t\t<div class=\"elementor-element elementor-element-3e2ba0b elementor-widget elementor-widget-heading\" data-id=\"3e2ba0b\" data-element_type=\"widget\" data-widget_type=\"heading.default\">\n\t\t\t\t<div class=\"elementor-widget-container\">\n\t\t\t\t\t<h3 class=\"elementor-heading-title elementor-size-default\">Encuentralo aqu\u00ed con <strong>Sim F\u00edsica<\/strong><\/h3>\t\t\t\t<\/div>\n\t\t\t\t<\/div>\n\t\t\t\t<\/div>\n\t\t<div class=\"elementor-element elementor-element-d619e69 e-con-full e-flex elementor-invisible e-con e-child\" data-id=\"d619e69\" data-element_type=\"container\" data-settings=\"{&quot;background_background&quot;:&quot;classic&quot;,&quot;animation&quot;:&quot;fadeInLeft&quot;}\">\n\t\t\t\t<div class=\"elementor-element elementor-element-d1a0072 elementor-widget elementor-widget-heading\" data-id=\"d1a0072\" data-element_type=\"widget\" data-widget_type=\"heading.default\">\n\t\t\t\t<div class=\"elementor-widget-container\">\n\t\t\t\t\t<h4 class=\"elementor-heading-title elementor-size-default\">Gran calidad de video<\/h4>\t\t\t\t<\/div>\n\t\t\t\t<\/div>\n\t\t\t\t<\/div>\n\t\t\t\t<\/div>\n\t\t<div class=\"elementor-element elementor-element-bbb758d e-con-full e-flex elementor-invisible e-con e-child\" data-id=\"bbb758d\" data-element_type=\"container\" data-settings=\"{&quot;background_background&quot;:&quot;classic&quot;,&quot;animation&quot;:&quot;fadeInRight&quot;}\">\n\t\t\t\t<div class=\"elementor-element elementor-element-ba1b581 elementor-widget elementor-widget-heading\" data-id=\"ba1b581\" data-element_type=\"widget\" data-widget_type=\"heading.default\">\n\t\t\t\t<div class=\"elementor-widget-container\">\n\t\t\t\t\t<h3 class=\"elementor-heading-title elementor-size-default\">Nuevo control de c\u00e1mara <br>\ndominalo todo con un dedo<\/h3>\t\t\t\t<\/div>\n\t\t\t\t<\/div>\n\t\t\t\t<\/div>\n\t\t\t\t<\/div>\n\t\t<div class=\"elementor-element elementor-element-78a3ff5 e-con-full e-grid elementor-invisible e-con e-child\" data-id=\"78a3ff5\" data-element_type=\"container\" data-settings=\"{&quot;animation&quot;:&quot;fadeInUp&quot;}\">\n\t\t<div class=\"elementor-element elementor-element-f1bf4bd e-con-full e-flex e-con e-child\" data-id=\"f1bf4bd\" data-element_type=\"container\" data-settings=\"{&quot;background_background&quot;:&quot;classic&quot;}\">\n\t\t\t\t<div class=\"elementor-element elementor-element-189970f elementor-widget elementor-widget-heading\" data-id=\"189970f\" data-element_type=\"widget\" data-widget_type=\"heading.default\">\n\t\t\t\t<div class=\"elementor-widget-container\">\n\t\t\t\t\t<h6 class=\"elementor-heading-title elementor-size-default\">Hermoso dise\u00f1o a tu alcance<\/h6>\t\t\t\t<\/div>\n\t\t\t\t<\/div>\n\t\t\t\t<\/div>\n\t\t<div class=\"elementor-element elementor-element-897e240 e-con-full e-flex e-con e-child\" data-id=\"897e240\" data-element_type=\"container\" data-settings=\"{&quot;background_background&quot;:&quot;classic&quot;}\">\n\t\t\t\t<\/div>\n\t\t<div class=\"elementor-element elementor-element-c128b11 e-con-full e-flex e-con e-child\" data-id=\"c128b11\" data-element_type=\"container\" data-settings=\"{&quot;background_background&quot;:&quot;classic&quot;}\">\n\t\t\t\t<div class=\"elementor-element elementor-element-7ec97e7 elementor-widget elementor-widget-heading\" data-id=\"7ec97e7\" data-element_type=\"widget\" data-widget_type=\"heading.default\">\n\t\t\t\t<div class=\"elementor-widget-container\">\n\t\t\t\t\t<h6 class=\"elementor-heading-title elementor-size-default\">Bordes mas suaves<\/h6>\t\t\t\t<\/div>\n\t\t\t\t<\/div>\n\t\t\t\t<\/div>\n\t\t<div class=\"elementor-element elementor-element-5bbc019 e-con-full e-flex e-con e-child\" data-id=\"5bbc019\" data-element_type=\"container\" data-settings=\"{&quot;background_background&quot;:&quot;classic&quot;}\">\n\t\t\t\t<div class=\"elementor-element elementor-element-a8d1fc5 elementor-widget elementor-widget-heading\" data-id=\"a8d1fc5\" data-element_type=\"widget\" data-widget_type=\"heading.default\">\n\t\t\t\t<div class=\"elementor-widget-container\">\n\t\t\t\t\t<h6 class=\"elementor-heading-title elementor-size-default\">Mas resistente<\/h6>\t\t\t\t<\/div>\n\t\t\t\t<\/div>\n\t\t\t\t<div class=\"elementor-element elementor-element-f87a0a8 elementor-widget elementor-widget-heading\" data-id=\"f87a0a8\" data-element_type=\"widget\" data-widget_type=\"heading.default\">\n\t\t\t\t<div class=\"elementor-widget-container\">\n\t\t\t\t\t<h6 class=\"elementor-heading-title elementor-size-default\">Material de Titanio <br> Grado 5<\/h6>\t\t\t\t<\/div>\n\t\t\t\t<\/div>\n\t\t\t\t<\/div>\n\t\t\t\t<\/div>\n\t\t\t\t\t<\/div>\n\t\t\t\t<\/div>\n\t\t<div class=\"elementor-element elementor-element-0dad15c e-con-full e-flex e-con e-parent\" data-id=\"0dad15c\" data-element_type=\"container\">\n\t\t<div class=\"elementor-element elementor-element-5a73f20 e-flex e-con-boxed e-con e-child\" data-id=\"5a73f20\" data-element_type=\"container\">\n\t\t\t\t\t<div class=\"e-con-inner\">\n\t\t<div class=\"elementor-element elementor-element-0ddbf7e e-con-full e-flex e-con e-child\" data-id=\"0ddbf7e\" data-element_type=\"container\">\n\t\t<div class=\"elementor-element elementor-element-ed360dc e-con-full e-flex e-con e-child\" data-id=\"ed360dc\" data-element_type=\"container\">\n\t\t\t\t<div class=\"elementor-element elementor-element-944b08e elementor-widget__width-initial elementor-widget elementor-widget-heading\" data-id=\"944b08e\" data-element_type=\"widget\" data-widget_type=\"heading.default\">\n\t\t\t\t<div class=\"elementor-widget-container\">\n\t\t\t\t\t<h3 class=\"elementor-heading-title elementor-size-default\">Puedes contactarnos para comprar directamente en Miami o tienes la opci\u00f3n de revisar los precios aqu\u00ed los cuales se entregan en tu pa\u00eds\n<br>\n<br>\nSi quieres solo un iphone - le ponemos en contacto con un distribuidor\u00a0local<\/h3>\t\t\t\t<\/div>\n\t\t\t\t<\/div>\n\t\t\t\t<div class=\"elementor-element elementor-element-a8c6fba elementor-mobile-align-center elementor-align-center elementor-hidden-desktop elementor-hidden-tablet elementor-hidden-mobile elementor-widget elementor-widget-button\" data-id=\"a8c6fba\" data-element_type=\"widget\" data-widget_type=\"button.default\">\n\t\t\t\t<div class=\"elementor-widget-container\">\n\t\t\t\t\t\t\t\t\t<div class=\"elementor-button-wrapper\">\n\t\t\t\t\t<a class=\"elementor-button elementor-size-sm\" role=\"button\">\n\t\t\t\t\t\t<span class=\"elementor-button-content-wrapper\">\n\t\t\t\t\t\t\t\t\t<span class=\"elementor-button-text\">cont\u00e1ctanos<\/span>\n\t\t\t\t\t<\/span>\n\t\t\t\t\t<\/a>\n\t\t\t\t<\/div>\n\t\t\t\t\t\t\t\t<\/div>\n\t\t\t\t<\/div>\n\t\t\t\t<\/div>\n\t\t<div class=\"elementor-element elementor-element-80957b7 e-con-full e-flex e-con e-child\" data-id=\"80957b7\" data-element_type=\"container\">\n\t\t\t\t<div class=\"elementor-element elementor-element-86ef9b5 elementor-widget elementor-widget-image\" data-id=\"86ef9b5\" data-element_type=\"widget\" data-widget_type=\"image.default\">\n\t\t\t\t<div class=\"elementor-widget-container\">\n\t\t\t\t\t\t\t\t\t\t\t\t\t\t\t<img decoding=\"async\" src=\"https:\/\/iphonesmiami.co\/wp-content\/uploads\/elementor\/thumbs\/31a47619-e9b6-4a44-ad20-62a3e957ae08-qucr6x0tfouw630jjd04ewjlekxmmgsvf9gsy1u2zk.webp\" title=\"31a47619-e9b6-4a44-ad20-62a3e957ae08.webp\" alt=\"31a47619-e9b6-4a44-ad20-62a3e957ae08.webp\" loading=\"lazy\" \/>\t\t\t\t\t\t\t\t\t\t\t\t\t\t\t<\/div>\n\t\t\t\t<\/div>\n\t\t\t\t<\/div>\n\t\t\t\t<\/div>\n\t\t\t\t\t<\/div>\n\t\t\t\t<\/div>\n\t\t\t\t<\/div>\n\t\t<div class=\"elementor-element elementor-element-8f37e0b e-flex e-con-boxed e-con e-parent\" data-id=\"8f37e0b\" data-element_type=\"container\">\n\t\t\t\t\t<div class=\"e-con-inner\">\n\t\t\t\t<div class=\"elementor-element elementor-element-1696b85 elementor-widget elementor-widget-heading\" data-id=\"1696b85\" data-element_type=\"widget\" data-widget_type=\"heading.default\">\n\t\t\t\t<div class=\"elementor-widget-container\">\n\t\t\t\t\t<h5 class=\"elementor-heading-title elementor-size-default\">Recibe notificaci\u00f3n por correo cuando los productos est\u00e9n disponibles<\/h5>\t\t\t\t<\/div>\n\t\t\t\t<\/div>\n\t\t\t\t<div class=\"elementor-element elementor-element-aad8d09 elementor-widget__width-initial elementor-button-align-stretch elementor-widget elementor-widget-form\" data-id=\"aad8d09\" data-element_type=\"widget\" data-settings=\"{&quot;button_width&quot;:&quot;25&quot;,&quot;step_next_label&quot;:&quot;Next&quot;,&quot;step_previous_label&quot;:&quot;Previous&quot;,&quot;step_type&quot;:&quot;number_text&quot;,&quot;step_icon_shape&quot;:&quot;circle&quot;}\" data-widget_type=\"form.default\">\n\t\t\t\t<div class=\"elementor-widget-container\">\n\t\t\t\t\t\t\t<form class=\"elementor-form\" method=\"post\" name=\"Notificacion producto nuevo\" aria-label=\"Notificacion producto nuevo\">\n\t\t\t<input type=\"hidden\" name=\"post_id\" value=\"1352\"\/>\n\t\t\t<input type=\"hidden\" name=\"form_id\" value=\"aad8d09\"\/>\n\t\t\t<input type=\"hidden\" name=\"referer_title\" value=\"Home\" \/>\n\n\t\t\t\t\t\t\t<input type=\"hidden\" name=\"queried_id\" value=\"1352\"\/>\n\t\t\t\n\t\t\t<div class=\"elementor-form-fields-wrapper elementor-labels-\">\n\t\t\t\t\t\t\t\t<div class=\"elementor-field-type-email elementor-field-group elementor-column elementor-field-group-email elementor-col-70 elementor-field-required\">\n\t\t\t\t\t\t\t\t\t\t\t\t<label for=\"form-field-email\" class=\"elementor-field-label elementor-screen-only\">\n\t\t\t\t\t\t\t\tEmail\t\t\t\t\t\t\t<\/label>\n\t\t\t\t\t\t\t\t\t\t\t\t\t\t<input size=\"1\" type=\"email\" name=\"form_fields[email]\" id=\"form-field-email\" class=\"elementor-field elementor-size-sm  elementor-field-textual\" placeholder=\"Agrega tu \u00e9-mail\" required=\"required\">\n\t\t\t\t\t\t\t\t\t\t\t<\/div>\n\t\t\t\t\t\t\t\t<div class=\"elementor-field-group elementor-column elementor-field-type-submit elementor-col-25 e-form__buttons\">\n\t\t\t\t\t<button class=\"elementor-button elementor-size-sm\" type=\"submit\">\n\t\t\t\t\t\t<span class=\"elementor-button-content-wrapper\">\n\t\t\t\t\t\t\t\t\t\t\t\t\t\t\t\t\t\t\t\t\t\t<span class=\"elementor-button-text\">Solicitar notificacion<\/span>\n\t\t\t\t\t\t\t\t\t\t\t\t\t<\/span>\n\t\t\t\t\t<\/button>\n\t\t\t\t<\/div>\n\t\t\t<\/div>\n\t\t<\/form>\n\t\t\t\t\t\t<\/div>\n\t\t\t\t<\/div>\n\t\t\t\t\t<\/div>\n\t\t\t\t<\/div>\n\t\t\t\t<\/div>\n\t\t","protected":false},"excerpt":{"rendered":"<p>Somos una empresa de Miami para venta de productos de apple para Latinoamerica. Venta de iPhones 100% originales. Adquiere el nuevo iPhone 16 Conoce mas Encuentralo aqu\u00ed con Sim F\u00edsica Gran calidad de video Nuevo control de c\u00e1mara dominalo todo con un dedo Hermoso dise\u00f1o a tu alcance Bordes mas suaves Mas resistente Material de [&hellip;]<\/p>\n","protected":false},"author":1,"featured_media":0,"parent":0,"menu_order":0,"comment_status":"closed","ping_status":"closed","template":"","meta":{"_acf_changed":false,"footnotes":""},"class_list":["post-1352","page","type-page","status-publish","hentry"],"acf":[],"_links":{"self":[{"href":"https:\/\/iphonesmiami.co\/en\/wp-json\/wp\/v2\/pages\/1352","targetHints":{"allow":["GET"]}}],"collection":[{"href":"https:\/\/iphonesmiami.co\/en\/wp-json\/wp\/v2\/pages"}],"about":[{"href":"https:\/\/iphonesmiami.co\/en\/wp-json\/wp\/v2\/types\/page"}],"author":[{"embeddable":true,"href":"https:\/\/iphonesmiami.co\/en\/wp-json\/wp\/v2\/users\/1"}],"replies":[{"embeddable":true,"href":"https:\/\/iphonesmiami.co\/en\/wp-json\/wp\/v2\/comments?post=1352"}],"version-history":[{"count":0,"href":"https:\/\/iphonesmiami.co\/en\/wp-json\/wp\/v2\/pages\/1352\/revisions"}],"wp:attachment":[{"href":"https:\/\/iphonesmiami.co\/en\/wp-json\/wp\/v2\/media?parent=1352"}],"curies":[{"name":"wp","href":"https:\/\/api.w.org\/{rel}","templated":true}]}}